{"id":491,"date":"2021-07-23T05:53:38","date_gmt":"2021-07-23T04:53:38","guid":{"rendered":"https:\/\/www.alsuch.eu\/?page_id=491"},"modified":"2021-07-23T07:24:42","modified_gmt":"2021-07-23T06:24:42","slug":"nabidka-sluzeb","status":"publish","type":"page","link":"https:\/\/www.alsuch.eu\/?page_id=491","title":{"rendered":"Nab\u00eddka slu\u017eeb"},"content":{"rendered":"\t\t<div data-elementor-type=\"wp-page\" data-elementor-id=\"491\" class=\"elementor elementor-491\">\n\t\t\t\t\t\t<section class=\"elementor-section elementor-top-section elementor-element elementor-element-0810629 elementor-section-boxed elementor-section-height-default elementor-section-height-default wpr-particle-no wpr-jarallax-no wpr-parallax-no wpr-sticky-section-no\" data-id=\"0810629\" data-element_type=\"section\" data-e-type=\"section\">\n\t\t\t\t\t\t<div class=\"elementor-container elementor-column-gap-default\">\n\t\t\t\t\t<div class=\"elementor-column elementor-col-100 elementor-top-column elementor-element elementor-element-1d523fd\" data-id=\"1d523fd\" data-element_type=\"column\" data-e-type=\"column\">\n\t\t\t<div class=\"elementor-widget-wrap elementor-element-populated\">\n\t\t\t\t\t\t<div class=\"elementor-element elementor-element-ded2b68 elementor-widget elementor-widget-heading\" data-id=\"ded2b68\" data-element_type=\"widget\" data-e-type=\"widget\" data-widget_type=\"heading.default\">\n\t\t\t\t<div class=\"elementor-widget-container\">\n\t\t\t\t\t<h2 class=\"elementor-heading-title elementor-size-default\">Spr\u00e1va a \u00fadr\u017eba SW pro doktory<\/h2>\t\t\t\t<\/div>\n\t\t\t\t<\/div>\n\t\t\t\t\t<\/div>\n\t\t<\/div>\n\t\t\t\t\t<\/div>\n\t\t<\/section>\n\t\t\t\t<section class=\"elementor-section elementor-top-section elementor-element elementor-element-e548bd2 elementor-section-boxed elementor-section-height-default elementor-section-height-default wpr-particle-no wpr-jarallax-no wpr-parallax-no wpr-sticky-section-no\" data-id=\"e548bd2\" data-element_type=\"section\" data-e-type=\"section\">\n\t\t\t\t\t\t<div class=\"elementor-container elementor-column-gap-default\">\n\t\t\t\t\t<div class=\"elementor-column elementor-col-50 elementor-top-column elementor-element elementor-element-232552b\" data-id=\"232552b\" data-element_type=\"column\" data-e-type=\"column\">\n\t\t\t<div class=\"elementor-widget-wrap elementor-element-populated\">\n\t\t\t\t\t\t<div class=\"elementor-element elementor-element-199a3a9 elementor-widget elementor-widget-text-editor\" data-id=\"199a3a9\" data-element_type=\"widget\" data-e-type=\"widget\" data-widget_type=\"text-editor.default\">\n\t\t\t\t<div class=\"elementor-widget-container\">\n\t\t\t\t\t\t\t\t\t<p>Pro doktory a men\u0161\u00ed zdravotnick\u00e1 za\u0159\u00edzen\u00ed nab\u00edz\u00edm tyto slu\u017eby:<\/p><ul><li>zpracov\u00e1n\u00ed d\u00e1vek a jejich odesl\u00e1n\u00ed na p\u0159\u00edslu\u0161n\u00e9 ZP<\/li><li>\u00fadr\u017ebu SW a men\u0161\u00edch s\u00edt\u00ed<\/li><li>technick\u00e9 poradenstv\u00ed<\/li><li>\u00fadr\u017ebu HW<\/li><li>technickou podporu EcceHomo a PC Doctor a PC Dent<\/li><\/ul>\t\t\t\t\t\t\t\t<\/div>\n\t\t\t\t<\/div>\n\t\t\t\t\t<\/div>\n\t\t<\/div>\n\t\t\t\t<div class=\"elementor-column elementor-col-50 elementor-top-column elementor-element elementor-element-ef3ae2d\" data-id=\"ef3ae2d\" data-element_type=\"column\" data-e-type=\"column\">\n\t\t\t<div class=\"elementor-widget-wrap elementor-element-populated\">\n\t\t\t\t\t\t<div class=\"elementor-element elementor-element-94a4006 elementor-widget elementor-widget-image\" data-id=\"94a4006\" data-element_type=\"widget\" data-e-type=\"widget\" data-widget_type=\"image.default\">\n\t\t\t\t<div class=\"elementor-widget-container\">\n\t\t\t\t\t\t\t\t\t\t\t\t\t\t\t<img decoding=\"async\" src=\"https:\/\/www.alsuch.eu\/wp-content\/plugins\/elementor\/assets\/images\/placeholder.png\" title=\"\" alt=\"\" loading=\"lazy\" \/>\t\t\t\t\t\t\t\t\t\t\t\t\t\t\t<\/div>\n\t\t\t\t<\/div>\n\t\t\t\t\t<\/div>\n\t\t<\/div>\n\t\t\t\t\t<\/div>\n\t\t<\/section>\n\t\t\t\t<section class=\"elementor-section elementor-top-section elementor-element elementor-element-22943bb elementor-section-boxed elementor-section-height-default elementor-section-height-default wpr-particle-no wpr-jarallax-no wpr-parallax-no wpr-sticky-section-no\" data-id=\"22943bb\" data-element_type=\"section\" data-e-type=\"section\">\n\t\t\t\t\t\t<div class=\"elementor-container elementor-column-gap-default\">\n\t\t\t\t\t<div class=\"elementor-column elementor-col-100 elementor-top-column elementor-element elementor-element-d41d62f\" data-id=\"d41d62f\" data-element_type=\"column\" data-e-type=\"column\">\n\t\t\t<div class=\"elementor-widget-wrap elementor-element-populated\">\n\t\t\t\t\t\t<div class=\"elementor-element elementor-element-91c6fef elementor-widget-divider--view-line elementor-widget elementor-widget-divider\" data-id=\"91c6fef\" data-element_type=\"widget\" data-e-type=\"widget\" data-widget_type=\"divider.default\">\n\t\t\t\t<div class=\"elementor-widget-container\">\n\t\t\t\t\t\t\t<div class=\"elementor-divider\">\n\t\t\t<span class=\"elementor-divider-separator\">\n\t\t\t\t\t\t<\/span>\n\t\t<\/div>\n\t\t\t\t\t\t<\/div>\n\t\t\t\t<\/div>\n\t\t\t\t\t<\/div>\n\t\t<\/div>\n\t\t\t\t\t<\/div>\n\t\t<\/section>\n\t\t\t\t<section class=\"elementor-section elementor-top-section elementor-element elementor-element-88613e9 elementor-section-boxed elementor-section-height-default elementor-section-height-default wpr-particle-no wpr-jarallax-no wpr-parallax-no wpr-sticky-section-no\" data-id=\"88613e9\" data-element_type=\"section\" data-e-type=\"section\">\n\t\t\t\t\t\t<div class=\"elementor-container elementor-column-gap-default\">\n\t\t\t\t\t<div class=\"elementor-column elementor-col-100 elementor-top-column elementor-element elementor-element-fb5aafe\" data-id=\"fb5aafe\" data-element_type=\"column\" data-e-type=\"column\">\n\t\t\t<div class=\"elementor-widget-wrap elementor-element-populated\">\n\t\t\t\t\t\t<div class=\"elementor-element elementor-element-242a90f elementor-widget elementor-widget-heading\" data-id=\"242a90f\" data-element_type=\"widget\" data-e-type=\"widget\" data-widget_type=\"heading.default\">\n\t\t\t\t<div class=\"elementor-widget-container\">\n\t\t\t\t\t<h2 class=\"elementor-heading-title elementor-size-default\">Zpracov\u00e1n\u00ed d\u00edlensk\u00e9 dokumentace<\/h2>\t\t\t\t<\/div>\n\t\t\t\t<\/div>\n\t\t\t\t\t<\/div>\n\t\t<\/div>\n\t\t\t\t\t<\/div>\n\t\t<\/section>\n\t\t\t\t<section class=\"elementor-section elementor-top-section elementor-element elementor-element-faf4623 elementor-section-boxed elementor-section-height-default elementor-section-height-default wpr-particle-no wpr-jarallax-no wpr-parallax-no wpr-sticky-section-no\" data-id=\"faf4623\" data-element_type=\"section\" data-e-type=\"section\">\n\t\t\t\t\t\t<div class=\"elementor-container elementor-column-gap-default\">\n\t\t\t\t\t<div class=\"elementor-column elementor-col-50 elementor-top-column elementor-element elementor-element-5165040\" data-id=\"5165040\" data-element_type=\"column\" data-e-type=\"column\">\n\t\t\t<div class=\"elementor-widget-wrap elementor-element-populated\">\n\t\t\t\t\t\t<div class=\"elementor-element elementor-element-41ecf1e elementor-widget elementor-widget-image\" data-id=\"41ecf1e\" data-element_type=\"widget\" data-e-type=\"widget\" data-widget_type=\"image.default\">\n\t\t\t\t<div class=\"elementor-widget-container\">\n\t\t\t\t\t\t\t\t\t\t\t\t\t\t\t<img decoding=\"async\" src=\"https:\/\/www.alsuch.eu\/wp-content\/plugins\/elementor\/assets\/images\/placeholder.png\" title=\"\" alt=\"\" loading=\"lazy\" \/>\t\t\t\t\t\t\t\t\t\t\t\t\t\t\t<\/div>\n\t\t\t\t<\/div>\n\t\t\t\t\t<\/div>\n\t\t<\/div>\n\t\t\t\t<div class=\"elementor-column elementor-col-50 elementor-top-column elementor-element elementor-element-7c6ed69\" data-id=\"7c6ed69\" data-element_type=\"column\" data-e-type=\"column\">\n\t\t\t<div class=\"elementor-widget-wrap elementor-element-populated\">\n\t\t\t\t\t\t<div class=\"elementor-element elementor-element-3853f56 elementor-widget elementor-widget-text-editor\" data-id=\"3853f56\" data-element_type=\"widget\" data-e-type=\"widget\" data-widget_type=\"text-editor.default\">\n\t\t\t\t<div class=\"elementor-widget-container\">\n\t\t\t\t\t\t\t\t\t<p>Pro firmy, kter\u00e9 se zab\u00fdvaj\u00ed zpracov\u00e1n\u00edm hlin\u00edkov\u00fdch konstrukc\u00ed nab\u00edz\u00edm tyto slu\u017eby:<\/p><ul><li>zpracov\u00e1n\u00ed cenov\u00fdch nab\u00eddek SCH\u00dcCO a HEROAL<\/li><li>zpracov\u00e1n\u00ed schvalovac\u00ed a d\u00edlensk\u00e9 dokumentace<\/li><li>zpracov\u00e1n\u00ed v\u00fdrobn\u00ed a mont\u00e1\u017en\u00ed dokumentace<\/li><li>zam\u011b\u0159en\u00ed stavebn\u00edch otvor\u016f<\/li><li>kontrolu prov\u00e1d\u011bn\u00ed mont\u00e1\u017e\u00ed<\/li><li>zpracov\u00e1n\u00ed dokumentace skute\u010dn\u00e9ho proveden\u00ed<\/li><\/ul>\t\t\t\t\t\t\t\t<\/div>\n\t\t\t\t<\/div>\n\t\t\t\t\t<\/div>\n\t\t<\/div>\n\t\t\t\t\t<\/div>\n\t\t<\/section>\n\t\t\t\t<\/div>\n\t\t","protected":false},"excerpt":{"rendered":"<p>Spr\u00e1va a \u00fadr\u017eba SW pro doktory Pro doktory a men\u0161\u00ed zdravotnick\u00e1 za\u0159\u00edzen\u00ed nab\u00edz\u00edm tyto slu\u017eby: zpracov\u00e1n\u00ed d\u00e1vek a jejich odesl\u00e1n\u00ed na p\u0159\u00edslu\u0161n\u00e9<\/p>\n<p class=\"link-more\"><a class=\"myButt \" href=\"https:\/\/www.alsuch.eu\/?page_id=491\">Read More<\/a><\/p>\n","protected":false},"author":1,"featured_media":0,"parent":0,"menu_order":0,"comment_status":"closed","ping_status":"closed","template":"","meta":{"footnotes":""},"class_list":["post-491","page","type-page","status-publish","hentry"],"yoast_head":"<!-- This site is optimized with the Yoast SEO plugin v27.3 - https:\/\/yoast.com\/product\/yoast-seo-wordpress\/ -->\n<title>Nab\u00eddka slu\u017eeb - Osobn&iacute; str&aacute;nky Ale&scaron;e Suchomela<\/title>\n<meta name=\"robots\" content=\"noindex, follow, max-snippet:-1, max-image-preview:large, max-video-preview:-1\" \/>\n<meta property=\"og:locale\" content=\"cs_CZ\" \/>\n<meta property=\"og:type\" content=\"article\" \/>\n<meta property=\"og:title\" content=\"Nab\u00eddka slu\u017eeb - Osobn&iacute; str&aacute;nky Ale&scaron;e Suchomela\" \/>\n<meta property=\"og:description\" content=\"Spr\u00e1va a \u00fadr\u017eba SW pro doktory Pro doktory a men\u0161\u00ed zdravotnick\u00e1 za\u0159\u00edzen\u00ed nab\u00edz\u00edm tyto slu\u017eby: zpracov\u00e1n\u00ed d\u00e1vek a jejich odesl\u00e1n\u00ed na p\u0159\u00edslu\u0161n\u00e9Read More\" \/>\n<meta property=\"og:url\" content=\"https:\/\/www.alsuch.eu\/?page_id=491\" \/>\n<meta property=\"og:site_name\" content=\"Osobn&iacute; str&aacute;nky Ale&scaron;e Suchomela\" \/>\n<meta property=\"article:publisher\" content=\"https:\/\/www.facebook.com\/FolklornisouborBenesacek\" \/>\n<meta property=\"article:modified_time\" content=\"2021-07-23T06:24:42+00:00\" \/>\n<meta property=\"og:image\" content=\"https:\/\/www.alsuch.eu\/wp-content\/plugins\/elementor\/assets\/images\/placeholder.png\" \/>\n<meta name=\"twitter:label1\" content=\"Odhadovan\u00e1 doba \u010dten\u00ed\" \/>\n\t<meta name=\"twitter:data1\" content=\"1 minuta\" \/>\n<script type=\"application\/ld+json\" class=\"yoast-schema-graph\">{\"@context\":\"https:\\\/\\\/schema.org\",\"@graph\":[{\"@type\":\"WebPage\",\"@id\":\"https:\\\/\\\/www.alsuch.eu\\\/?page_id=491\",\"url\":\"https:\\\/\\\/www.alsuch.eu\\\/?page_id=491\",\"name\":\"Nab\u00eddka slu\u017eeb - Osobn&iacute; str&aacute;nky Ale&scaron;e Suchomela\",\"isPartOf\":{\"@id\":\"https:\\\/\\\/www.alsuch.eu\\\/#website\"},\"primaryImageOfPage\":{\"@id\":\"https:\\\/\\\/www.alsuch.eu\\\/?page_id=491#primaryimage\"},\"image\":{\"@id\":\"https:\\\/\\\/www.alsuch.eu\\\/?page_id=491#primaryimage\"},\"thumbnailUrl\":\"https:\\\/\\\/www.alsuch.eu\\\/wp-content\\\/plugins\\\/elementor\\\/assets\\\/images\\\/placeholder.png\",\"datePublished\":\"2021-07-23T04:53:38+00:00\",\"dateModified\":\"2021-07-23T06:24:42+00:00\",\"breadcrumb\":{\"@id\":\"https:\\\/\\\/www.alsuch.eu\\\/?page_id=491#breadcrumb\"},\"inLanguage\":\"cs\",\"potentialAction\":[{\"@type\":\"ReadAction\",\"target\":[\"https:\\\/\\\/www.alsuch.eu\\\/?page_id=491\"]}]},{\"@type\":\"ImageObject\",\"inLanguage\":\"cs\",\"@id\":\"https:\\\/\\\/www.alsuch.eu\\\/?page_id=491#primaryimage\",\"url\":\"https:\\\/\\\/www.alsuch.eu\\\/wp-content\\\/plugins\\\/elementor\\\/assets\\\/images\\\/placeholder.png\",\"contentUrl\":\"https:\\\/\\\/www.alsuch.eu\\\/wp-content\\\/plugins\\\/elementor\\\/assets\\\/images\\\/placeholder.png\"},{\"@type\":\"BreadcrumbList\",\"@id\":\"https:\\\/\\\/www.alsuch.eu\\\/?page_id=491#breadcrumb\",\"itemListElement\":[{\"@type\":\"ListItem\",\"position\":1,\"name\":\"Dom\u016f\",\"item\":\"https:\\\/\\\/www.alsuch.eu\\\/\"},{\"@type\":\"ListItem\",\"position\":2,\"name\":\"Nab\u00eddka slu\u017eeb\"}]},{\"@type\":\"WebSite\",\"@id\":\"https:\\\/\\\/www.alsuch.eu\\\/#website\",\"url\":\"https:\\\/\\\/www.alsuch.eu\\\/\",\"name\":\"Folklorn&iacute; soubor Bene&scaron;&aacute;\u010dek\",\"description\":\"Nab&iacute;dka SW slu\u017eeb a prodej servisn&iacute;ho materi&aacute;lu\",\"publisher\":{\"@id\":\"https:\\\/\\\/www.alsuch.eu\\\/#organization\"},\"potentialAction\":[{\"@type\":\"SearchAction\",\"target\":{\"@type\":\"EntryPoint\",\"urlTemplate\":\"https:\\\/\\\/www.alsuch.eu\\\/?s={search_term_string}\"},\"query-input\":{\"@type\":\"PropertyValueSpecification\",\"valueRequired\":true,\"valueName\":\"search_term_string\"}}],\"inLanguage\":\"cs\"},{\"@type\":\"Organization\",\"@id\":\"https:\\\/\\\/www.alsuch.eu\\\/#organization\",\"name\":\"Folklorn\u00ed soubor Bene\u0161\u00e1\u010dek\",\"url\":\"https:\\\/\\\/www.alsuch.eu\\\/\",\"logo\":{\"@type\":\"ImageObject\",\"inLanguage\":\"cs\",\"@id\":\"https:\\\/\\\/www.alsuch.eu\\\/#\\\/schema\\\/logo\\\/image\\\/\",\"url\":\"https:\\\/\\\/www.alsuch.eu\\\/wp-content\\\/uploads\\\/2020\\\/04\\\/benelogo.jpg\",\"contentUrl\":\"https:\\\/\\\/www.alsuch.eu\\\/wp-content\\\/uploads\\\/2020\\\/04\\\/benelogo.jpg\",\"width\":157,\"height\":225,\"caption\":\"Folklorn\u00ed soubor Bene\u0161\u00e1\u010dek\"},\"image\":{\"@id\":\"https:\\\/\\\/www.alsuch.eu\\\/#\\\/schema\\\/logo\\\/image\\\/\"},\"sameAs\":[\"https:\\\/\\\/www.facebook.com\\\/FolklornisouborBenesacek\"]}]}<\/script>\n<!-- \/ Yoast SEO plugin. -->","yoast_head_json":{"title":"Nab\u00eddka slu\u017eeb - Osobn&iacute; str&aacute;nky Ale&scaron;e Suchomela","robots":{"index":"noindex","follow":"follow","max-snippet":"max-snippet:-1","max-image-preview":"max-image-preview:large","max-video-preview":"max-video-preview:-1"},"og_locale":"cs_CZ","og_type":"article","og_title":"Nab\u00eddka slu\u017eeb - Osobn&iacute; str&aacute;nky Ale&scaron;e Suchomela","og_description":"Spr\u00e1va a \u00fadr\u017eba SW pro doktory Pro doktory a men\u0161\u00ed zdravotnick\u00e1 za\u0159\u00edzen\u00ed nab\u00edz\u00edm tyto slu\u017eby: zpracov\u00e1n\u00ed d\u00e1vek a jejich odesl\u00e1n\u00ed na p\u0159\u00edslu\u0161n\u00e9Read More","og_url":"https:\/\/www.alsuch.eu\/?page_id=491","og_site_name":"Osobn&iacute; str&aacute;nky Ale&scaron;e Suchomela","article_publisher":"https:\/\/www.facebook.com\/FolklornisouborBenesacek","article_modified_time":"2021-07-23T06:24:42+00:00","og_image":[{"url":"https:\/\/www.alsuch.eu\/wp-content\/plugins\/elementor\/assets\/images\/placeholder.png","type":"","width":"","height":""}],"twitter_misc":{"Odhadovan\u00e1 doba \u010dten\u00ed":"1 minuta"},"schema":{"@context":"https:\/\/schema.org","@graph":[{"@type":"WebPage","@id":"https:\/\/www.alsuch.eu\/?page_id=491","url":"https:\/\/www.alsuch.eu\/?page_id=491","name":"Nab\u00eddka slu\u017eeb - Osobn&iacute; str&aacute;nky Ale&scaron;e Suchomela","isPartOf":{"@id":"https:\/\/www.alsuch.eu\/#website"},"primaryImageOfPage":{"@id":"https:\/\/www.alsuch.eu\/?page_id=491#primaryimage"},"image":{"@id":"https:\/\/www.alsuch.eu\/?page_id=491#primaryimage"},"thumbnailUrl":"https:\/\/www.alsuch.eu\/wp-content\/plugins\/elementor\/assets\/images\/placeholder.png","datePublished":"2021-07-23T04:53:38+00:00","dateModified":"2021-07-23T06:24:42+00:00","breadcrumb":{"@id":"https:\/\/www.alsuch.eu\/?page_id=491#breadcrumb"},"inLanguage":"cs","potentialAction":[{"@type":"ReadAction","target":["https:\/\/www.alsuch.eu\/?page_id=491"]}]},{"@type":"ImageObject","inLanguage":"cs","@id":"https:\/\/www.alsuch.eu\/?page_id=491#primaryimage","url":"https:\/\/www.alsuch.eu\/wp-content\/plugins\/elementor\/assets\/images\/placeholder.png","contentUrl":"https:\/\/www.alsuch.eu\/wp-content\/plugins\/elementor\/assets\/images\/placeholder.png"},{"@type":"BreadcrumbList","@id":"https:\/\/www.alsuch.eu\/?page_id=491#breadcrumb","itemListElement":[{"@type":"ListItem","position":1,"name":"Dom\u016f","item":"https:\/\/www.alsuch.eu\/"},{"@type":"ListItem","position":2,"name":"Nab\u00eddka slu\u017eeb"}]},{"@type":"WebSite","@id":"https:\/\/www.alsuch.eu\/#website","url":"https:\/\/www.alsuch.eu\/","name":"Folklorn&iacute; soubor Bene&scaron;&aacute;\u010dek","description":"Nab&iacute;dka SW slu\u017eeb a prodej servisn&iacute;ho materi&aacute;lu","publisher":{"@id":"https:\/\/www.alsuch.eu\/#organization"},"potentialAction":[{"@type":"SearchAction","target":{"@type":"EntryPoint","urlTemplate":"https:\/\/www.alsuch.eu\/?s={search_term_string}"},"query-input":{"@type":"PropertyValueSpecification","valueRequired":true,"valueName":"search_term_string"}}],"inLanguage":"cs"},{"@type":"Organization","@id":"https:\/\/www.alsuch.eu\/#organization","name":"Folklorn\u00ed soubor Bene\u0161\u00e1\u010dek","url":"https:\/\/www.alsuch.eu\/","logo":{"@type":"ImageObject","inLanguage":"cs","@id":"https:\/\/www.alsuch.eu\/#\/schema\/logo\/image\/","url":"https:\/\/www.alsuch.eu\/wp-content\/uploads\/2020\/04\/benelogo.jpg","contentUrl":"https:\/\/www.alsuch.eu\/wp-content\/uploads\/2020\/04\/benelogo.jpg","width":157,"height":225,"caption":"Folklorn\u00ed soubor Bene\u0161\u00e1\u010dek"},"image":{"@id":"https:\/\/www.alsuch.eu\/#\/schema\/logo\/image\/"},"sameAs":["https:\/\/www.facebook.com\/FolklornisouborBenesacek"]}]}},"_links":{"self":[{"href":"https:\/\/www.alsuch.eu\/index.php?rest_route=\/wp\/v2\/pages\/491","targetHints":{"allow":["GET"]}}],"collection":[{"href":"https:\/\/www.alsuch.eu\/index.php?rest_route=\/wp\/v2\/pages"}],"about":[{"href":"https:\/\/www.alsuch.eu\/index.php?rest_route=\/wp\/v2\/types\/page"}],"author":[{"embeddable":true,"href":"https:\/\/www.alsuch.eu\/index.php?rest_route=\/wp\/v2\/users\/1"}],"replies":[{"embeddable":true,"href":"https:\/\/www.alsuch.eu\/index.php?rest_route=%2Fwp%2Fv2%2Fcomments&post=491"}],"version-history":[{"count":13,"href":"https:\/\/www.alsuch.eu\/index.php?rest_route=\/wp\/v2\/pages\/491\/revisions"}],"predecessor-version":[{"id":507,"href":"https:\/\/www.alsuch.eu\/index.php?rest_route=\/wp\/v2\/pages\/491\/revisions\/507"}],"wp:attachment":[{"href":"https:\/\/www.alsuch.eu\/index.php?rest_route=%2Fwp%2Fv2%2Fmedia&parent=491"}],"curies":[{"name":"wp","href":"https:\/\/api.w.org\/{rel}","templated":true}]}}