{"id":485,"date":"2021-07-23T05:36:07","date_gmt":"2021-07-23T04:36:07","guid":{"rendered":"https:\/\/www.alsuch.eu\/?page_id=485"},"modified":"2023-03-15T08:39:52","modified_gmt":"2023-03-15T07:39:52","slug":"o-me","status":"publish","type":"page","link":"https:\/\/www.alsuch.eu\/?page_id=485","title":{"rendered":"O m\u011b"},"content":{"rendered":"\t\t<div data-elementor-type=\"wp-page\" data-elementor-id=\"485\" class=\"elementor elementor-485\">\n\t\t\t\t\t\t<section class=\"elementor-section elementor-top-section elementor-element elementor-element-2f16ac3 elementor-section-full_width elementor-section-height-default elementor-section-height-default wpr-particle-no wpr-jarallax-no wpr-parallax-no wpr-sticky-section-no\" data-id=\"2f16ac3\" data-element_type=\"section\" data-e-type=\"section\">\n\t\t\t\t\t\t<div class=\"elementor-container elementor-column-gap-default\">\n\t\t\t\t\t<div class=\"elementor-column elementor-col-100 elementor-top-column elementor-element elementor-element-4ce71e4\" data-id=\"4ce71e4\" data-element_type=\"column\" data-e-type=\"column\">\n\t\t\t<div class=\"elementor-widget-wrap elementor-element-populated\">\n\t\t\t\t\t\t<div class=\"elementor-element elementor-element-f947ce3 elementor-widget elementor-widget-text-editor\" data-id=\"f947ce3\" data-element_type=\"widget\" data-e-type=\"widget\" data-widget_type=\"text-editor.default\">\n\t\t\t\t<div class=\"elementor-widget-container\">\n\t\t\t\t\t\t\t\t\t<p>Na \u00favod bych napsal n\u011bco o m\u011b. I kdy\u017e jsem p\u016fvodn\u00edm povol\u00e1n\u00edm hudebn\u00edk, d\u00edky zm\u011bn\u00e1m po roce 1989 a hlavn\u011b 1992 jsem byl p\u0159inucen hledat si nov\u00e9 uplatn\u011bn\u00ed. Se zm\u011bnou profese jsem se dostal k po\u010d\u00edta\u010d\u016fm a po n\u011bjak\u00e9 dob\u011b (2 letech) jsem ovl\u00e1dal PC na \u00farovni 4. ro\u010dn\u00edku gymn\u00e1zia. <\/p><p>Po m\u00e9 3,5 let\u00e9 snaze vychovat \u017e\u00e1ky gymn\u00e1zia k vn\u00edm\u00e1n\u00ed hudby jinak ne\u017e p\u0159es aktu\u00e1ln\u00ed hity jsem se rozhodl pro dr\u00e1hu OSV\u010c.<\/p><p>A za\u010dal jsem hned pracovat na grafick\u00fdch n\u00e1vrz\u00edch koupelen ve 3D. Po n\u011bkolika m\u011bs\u00edc\u00edch jsem na\u0161el dal\u0161\u00ed pr\u00e1ci v Praze pro firmu, kter\u00e1 zprost\u0159edkov\u00e1vala internetov\u00e1 p\u0159ipojen\u00ed. V tomto &#8222;prav\u011bku&#8220; internetu se \u00fa\u010dastn\u00edk je\u0161t\u011b musel p\u0159ipojovat p\u0159es telefonickou linku a rychlost p\u0159ipojen\u00ed nebyla z\u00e1vratn\u00e1. <\/p><p>P\u0159es n\u00e1vrhy koupelen jsem se v roce 1998 dostal do firmy m\u00e9ho kamar\u00e1da, kde jsem se poprv\u00e9 setkal se syst\u00e9my hlin\u00edkov\u00fdch konstrukc\u00ed pro okna, dve\u0159e a prosklen\u00e9 fas\u00e1dy. Od t\u00e9 doby jsem se postupn\u011b nau\u010dil n\u011bkolik syst\u00e9m\u016f: Metra, Hartmann, Reynaers, Brekelmann, RC Syst\u00e9m, Hueck, Wicona, Blywert, Aluprof, a\u017e jsem nejv\u00edce pracoval se syst\u00e9my Sch\u00fcco a Heroal.<\/p><p>V sou\u010dasn\u00e9 dob\u011b krom\u011b hlavn\u00ed n\u00e1pln\u011b moj\u00ed \u010dinnosti jsem p\u0159evzal po sv\u00e9m zesnul\u00e9m kamar\u00e1dovi spr\u00e1vu dat pro doktory, kte\u0159\u00ed pou\u017e\u00edvaj\u00ed prokram EcceHomo.<\/p><p>\u010cas let\u00ed a jak se \u0159\u00edk\u00e1, \u010dlov\u011bk se u\u010d\u00ed v ka\u017ed\u00e9m v\u011bku. Po del\u0161\u00ed dob\u011b jsem musel op\u011bt p\u0159ehodnotit n\u00e1pl\u0148 hlavn\u00ed pracovn\u00ed \u010dinnosti, a tak jsem se nechal zam\u011bstnat. Ve sv\u00e9m voln\u00e9m \u010dase se ale st\u00e1le v\u011bnuji pr\u00e1ci, kterou jsem se nau\u010dil za 20 let. Tak\u017ee krom\u011b servis\u016f a men\u0161\u00edch zak\u00e1zek se sna\u017e\u00edm st\u00e1le spolupracovat s projektanty a architekty na nov\u00fdch projektech. <\/p>\t\t\t\t\t\t\t\t<\/div>\n\t\t\t\t<\/div>\n\t\t\t\t\t<\/div>\n\t\t<\/div>\n\t\t\t\t\t<\/div>\n\t\t<\/section>\n\t\t\t\t<\/div>\n\t\t","protected":false},"excerpt":{"rendered":"<p>Na \u00favod bych napsal n\u011bco o m\u011b. I kdy\u017e jsem p\u016fvodn\u00edm povol\u00e1n\u00edm hudebn\u00edk, d\u00edky zm\u011bn\u00e1m po roce 1989 a hlavn\u011b 1992 jsem<\/p>\n<p class=\"link-more\"><a class=\"myButt \" href=\"https:\/\/www.alsuch.eu\/?page_id=485\">Read More<\/a><\/p>\n","protected":false},"author":1,"featured_media":0,"parent":0,"menu_order":0,"comment_status":"closed","ping_status":"closed","template":"","meta":{"footnotes":""},"class_list":["post-485","page","type-page","status-publish","hentry"],"yoast_head":"<!-- This site is optimized with the Yoast SEO plugin v27.3 - https:\/\/yoast.com\/product\/yoast-seo-wordpress\/ -->\n<title>O m\u011b - Osobn&iacute; str&aacute;nky Ale&scaron;e Suchomela<\/title>\n<meta name=\"robots\" content=\"noindex, follow, max-snippet:-1, max-image-preview:large, max-video-preview:-1\" \/>\n<meta property=\"og:locale\" content=\"cs_CZ\" \/>\n<meta property=\"og:type\" content=\"article\" \/>\n<meta property=\"og:title\" content=\"O m\u011b - Osobn&iacute; str&aacute;nky Ale&scaron;e Suchomela\" \/>\n<meta property=\"og:description\" content=\"Na \u00favod bych napsal n\u011bco o m\u011b. I kdy\u017e jsem p\u016fvodn\u00edm povol\u00e1n\u00edm hudebn\u00edk, d\u00edky zm\u011bn\u00e1m po roce 1989 a hlavn\u011b 1992 jsemRead More\" \/>\n<meta property=\"og:url\" content=\"https:\/\/www.alsuch.eu\/?page_id=485\" \/>\n<meta property=\"og:site_name\" content=\"Osobn&iacute; str&aacute;nky Ale&scaron;e Suchomela\" \/>\n<meta property=\"article:publisher\" content=\"https:\/\/www.facebook.com\/FolklornisouborBenesacek\" \/>\n<meta property=\"article:modified_time\" content=\"2023-03-15T07:39:52+00:00\" \/>\n<meta name=\"twitter:label1\" content=\"Odhadovan\u00e1 doba \u010dten\u00ed\" \/>\n\t<meta name=\"twitter:data1\" content=\"2 minuty\" \/>\n<script type=\"application\/ld+json\" class=\"yoast-schema-graph\">{\"@context\":\"https:\\\/\\\/schema.org\",\"@graph\":[{\"@type\":\"WebPage\",\"@id\":\"https:\\\/\\\/www.alsuch.eu\\\/?page_id=485\",\"url\":\"https:\\\/\\\/www.alsuch.eu\\\/?page_id=485\",\"name\":\"O m\u011b - Osobn&iacute; str&aacute;nky Ale&scaron;e Suchomela\",\"isPartOf\":{\"@id\":\"https:\\\/\\\/www.alsuch.eu\\\/#website\"},\"datePublished\":\"2021-07-23T04:36:07+00:00\",\"dateModified\":\"2023-03-15T07:39:52+00:00\",\"breadcrumb\":{\"@id\":\"https:\\\/\\\/www.alsuch.eu\\\/?page_id=485#breadcrumb\"},\"inLanguage\":\"cs\",\"potentialAction\":[{\"@type\":\"ReadAction\",\"target\":[\"https:\\\/\\\/www.alsuch.eu\\\/?page_id=485\"]}]},{\"@type\":\"BreadcrumbList\",\"@id\":\"https:\\\/\\\/www.alsuch.eu\\\/?page_id=485#breadcrumb\",\"itemListElement\":[{\"@type\":\"ListItem\",\"position\":1,\"name\":\"Dom\u016f\",\"item\":\"https:\\\/\\\/www.alsuch.eu\\\/\"},{\"@type\":\"ListItem\",\"position\":2,\"name\":\"O m\u011b\"}]},{\"@type\":\"WebSite\",\"@id\":\"https:\\\/\\\/www.alsuch.eu\\\/#website\",\"url\":\"https:\\\/\\\/www.alsuch.eu\\\/\",\"name\":\"Folklorn&iacute; soubor Bene&scaron;&aacute;\u010dek\",\"description\":\"Nab&iacute;dka SW slu\u017eeb a prodej servisn&iacute;ho materi&aacute;lu\",\"publisher\":{\"@id\":\"https:\\\/\\\/www.alsuch.eu\\\/#organization\"},\"potentialAction\":[{\"@type\":\"SearchAction\",\"target\":{\"@type\":\"EntryPoint\",\"urlTemplate\":\"https:\\\/\\\/www.alsuch.eu\\\/?s={search_term_string}\"},\"query-input\":{\"@type\":\"PropertyValueSpecification\",\"valueRequired\":true,\"valueName\":\"search_term_string\"}}],\"inLanguage\":\"cs\"},{\"@type\":\"Organization\",\"@id\":\"https:\\\/\\\/www.alsuch.eu\\\/#organization\",\"name\":\"Folklorn\u00ed soubor Bene\u0161\u00e1\u010dek\",\"url\":\"https:\\\/\\\/www.alsuch.eu\\\/\",\"logo\":{\"@type\":\"ImageObject\",\"inLanguage\":\"cs\",\"@id\":\"https:\\\/\\\/www.alsuch.eu\\\/#\\\/schema\\\/logo\\\/image\\\/\",\"url\":\"https:\\\/\\\/www.alsuch.eu\\\/wp-content\\\/uploads\\\/2020\\\/04\\\/benelogo.jpg\",\"contentUrl\":\"https:\\\/\\\/www.alsuch.eu\\\/wp-content\\\/uploads\\\/2020\\\/04\\\/benelogo.jpg\",\"width\":157,\"height\":225,\"caption\":\"Folklorn\u00ed soubor Bene\u0161\u00e1\u010dek\"},\"image\":{\"@id\":\"https:\\\/\\\/www.alsuch.eu\\\/#\\\/schema\\\/logo\\\/image\\\/\"},\"sameAs\":[\"https:\\\/\\\/www.facebook.com\\\/FolklornisouborBenesacek\"]}]}<\/script>\n<!-- \/ Yoast SEO plugin. -->","yoast_head_json":{"title":"O m\u011b - Osobn&iacute; str&aacute;nky Ale&scaron;e Suchomela","robots":{"index":"noindex","follow":"follow","max-snippet":"max-snippet:-1","max-image-preview":"max-image-preview:large","max-video-preview":"max-video-preview:-1"},"og_locale":"cs_CZ","og_type":"article","og_title":"O m\u011b - Osobn&iacute; str&aacute;nky Ale&scaron;e Suchomela","og_description":"Na \u00favod bych napsal n\u011bco o m\u011b. I kdy\u017e jsem p\u016fvodn\u00edm povol\u00e1n\u00edm hudebn\u00edk, d\u00edky zm\u011bn\u00e1m po roce 1989 a hlavn\u011b 1992 jsemRead More","og_url":"https:\/\/www.alsuch.eu\/?page_id=485","og_site_name":"Osobn&iacute; str&aacute;nky Ale&scaron;e Suchomela","article_publisher":"https:\/\/www.facebook.com\/FolklornisouborBenesacek","article_modified_time":"2023-03-15T07:39:52+00:00","twitter_misc":{"Odhadovan\u00e1 doba \u010dten\u00ed":"2 minuty"},"schema":{"@context":"https:\/\/schema.org","@graph":[{"@type":"WebPage","@id":"https:\/\/www.alsuch.eu\/?page_id=485","url":"https:\/\/www.alsuch.eu\/?page_id=485","name":"O m\u011b - Osobn&iacute; str&aacute;nky Ale&scaron;e Suchomela","isPartOf":{"@id":"https:\/\/www.alsuch.eu\/#website"},"datePublished":"2021-07-23T04:36:07+00:00","dateModified":"2023-03-15T07:39:52+00:00","breadcrumb":{"@id":"https:\/\/www.alsuch.eu\/?page_id=485#breadcrumb"},"inLanguage":"cs","potentialAction":[{"@type":"ReadAction","target":["https:\/\/www.alsuch.eu\/?page_id=485"]}]},{"@type":"BreadcrumbList","@id":"https:\/\/www.alsuch.eu\/?page_id=485#breadcrumb","itemListElement":[{"@type":"ListItem","position":1,"name":"Dom\u016f","item":"https:\/\/www.alsuch.eu\/"},{"@type":"ListItem","position":2,"name":"O m\u011b"}]},{"@type":"WebSite","@id":"https:\/\/www.alsuch.eu\/#website","url":"https:\/\/www.alsuch.eu\/","name":"Folklorn&iacute; soubor Bene&scaron;&aacute;\u010dek","description":"Nab&iacute;dka SW slu\u017eeb a prodej servisn&iacute;ho materi&aacute;lu","publisher":{"@id":"https:\/\/www.alsuch.eu\/#organization"},"potentialAction":[{"@type":"SearchAction","target":{"@type":"EntryPoint","urlTemplate":"https:\/\/www.alsuch.eu\/?s={search_term_string}"},"query-input":{"@type":"PropertyValueSpecification","valueRequired":true,"valueName":"search_term_string"}}],"inLanguage":"cs"},{"@type":"Organization","@id":"https:\/\/www.alsuch.eu\/#organization","name":"Folklorn\u00ed soubor Bene\u0161\u00e1\u010dek","url":"https:\/\/www.alsuch.eu\/","logo":{"@type":"ImageObject","inLanguage":"cs","@id":"https:\/\/www.alsuch.eu\/#\/schema\/logo\/image\/","url":"https:\/\/www.alsuch.eu\/wp-content\/uploads\/2020\/04\/benelogo.jpg","contentUrl":"https:\/\/www.alsuch.eu\/wp-content\/uploads\/2020\/04\/benelogo.jpg","width":157,"height":225,"caption":"Folklorn\u00ed soubor Bene\u0161\u00e1\u010dek"},"image":{"@id":"https:\/\/www.alsuch.eu\/#\/schema\/logo\/image\/"},"sameAs":["https:\/\/www.facebook.com\/FolklornisouborBenesacek"]}]}},"_links":{"self":[{"href":"https:\/\/www.alsuch.eu\/index.php?rest_route=\/wp\/v2\/pages\/485","targetHints":{"allow":["GET"]}}],"collection":[{"href":"https:\/\/www.alsuch.eu\/index.php?rest_route=\/wp\/v2\/pages"}],"about":[{"href":"https:\/\/www.alsuch.eu\/index.php?rest_route=\/wp\/v2\/types\/page"}],"author":[{"embeddable":true,"href":"https:\/\/www.alsuch.eu\/index.php?rest_route=\/wp\/v2\/users\/1"}],"replies":[{"embeddable":true,"href":"https:\/\/www.alsuch.eu\/index.php?rest_route=%2Fwp%2Fv2%2Fcomments&post=485"}],"version-history":[{"count":13,"href":"https:\/\/www.alsuch.eu\/index.php?rest_route=\/wp\/v2\/pages\/485\/revisions"}],"predecessor-version":[{"id":647,"href":"https:\/\/www.alsuch.eu\/index.php?rest_route=\/wp\/v2\/pages\/485\/revisions\/647"}],"wp:attachment":[{"href":"https:\/\/www.alsuch.eu\/index.php?rest_route=%2Fwp%2Fv2%2Fmedia&parent=485"}],"curies":[{"name":"wp","href":"https:\/\/api.w.org\/{rel}","templated":true}]}}