{"id":445,"date":"2021-05-23T12:27:26","date_gmt":"2021-05-23T11:27:26","guid":{"rendered":"https:\/\/www.alsuch.eu\/?page_id=445"},"modified":"2021-05-23T13:56:32","modified_gmt":"2021-05-23T12:56:32","slug":"domovska-stranka","status":"publish","type":"page","link":"https:\/\/www.alsuch.eu\/","title":{"rendered":"Domovsk\u00e1 str\u00e1nka"},"content":{"rendered":"\t\t<div data-elementor-type=\"wp-page\" data-elementor-id=\"445\" class=\"elementor elementor-445\">\n\t\t\t\t\t\t<section class=\"elementor-section elementor-top-section elementor-element elementor-element-19d02b7 animated-slow elementor-section-boxed elementor-section-height-default elementor-section-height-default wpr-particle-no wpr-jarallax-no wpr-parallax-no wpr-sticky-section-no\" data-id=\"19d02b7\" data-element_type=\"section\" data-e-type=\"section\" data-settings=\"{&quot;animation&quot;:&quot;none&quot;,&quot;animation_delay&quot;:200}\">\n\t\t\t\t\t\t<div class=\"elementor-container elementor-column-gap-narrow\">\n\t\t\t\t\t<div class=\"elementor-column elementor-col-100 elementor-top-column elementor-element elementor-element-84a7227\" data-id=\"84a7227\" data-element_type=\"column\" data-e-type=\"column\">\n\t\t\t<div class=\"elementor-widget-wrap elementor-element-populated\">\n\t\t\t\t\t\t<div class=\"elementor-element elementor-element-295af97 elementor-widget elementor-widget-text-editor\" data-id=\"295af97\" data-element_type=\"widget\" data-e-type=\"widget\" data-widget_type=\"text-editor.default\">\n\t\t\t\t<div class=\"elementor-widget-container\">\n\t\t\t\t\t\t\t\t\t<p>V\u00edtejte na osobn\u00edch str\u00e1nk\u00e1ch Ale\u0161e Suchomela. Najdete zde informace o nab\u00edzen\u00fdch slu\u017eb\u00e1ch a eshop pro prodej servisn\u00edho materi\u00e1lu pro opravu okna a dve\u0159e syst\u00e9m\u016f SCH\u00dcCO a HEROAL. <\/p>\t\t\t\t\t\t\t\t<\/div>\n\t\t\t\t<\/div>\n\t\t\t\t\t<\/div>\n\t\t<\/div>\n\t\t\t\t\t<\/div>\n\t\t<\/section>\n\t\t\t\t<section class=\"elementor-section elementor-top-section elementor-element elementor-element-23327ab elementor-section-content-middle elementor-section-boxed elementor-section-height-default elementor-section-height-default wpr-particle-no wpr-jarallax-no wpr-parallax-no wpr-sticky-section-no\" data-id=\"23327ab\" data-element_type=\"section\" data-e-type=\"section\">\n\t\t\t\t\t\t<div class=\"elementor-container elementor-column-gap-extended\">\n\t\t\t\t\t<div class=\"elementor-column elementor-col-50 elementor-top-column elementor-element elementor-element-f251508\" data-id=\"f251508\" data-element_type=\"column\" data-e-type=\"column\">\n\t\t\t<div class=\"elementor-widget-wrap elementor-element-populated\">\n\t\t\t\t\t\t<div class=\"elementor-element elementor-element-1655f46 elementor-widget elementor-widget-heading\" data-id=\"1655f46\" data-element_type=\"widget\" data-e-type=\"widget\" data-widget_type=\"heading.default\">\n\t\t\t\t<div class=\"elementor-widget-container\">\n\t\t\t\t\t<h2 class=\"elementor-heading-title elementor-size-default\">SW a datov\u00e9 slu\u017eby<\/h2>\t\t\t\t<\/div>\n\t\t\t\t<\/div>\n\t\t\t\t\t<\/div>\n\t\t<\/div>\n\t\t\t\t<div class=\"elementor-column elementor-col-50 elementor-top-column elementor-element elementor-element-33b3dc5\" data-id=\"33b3dc5\" data-element_type=\"column\" data-e-type=\"column\">\n\t\t\t<div class=\"elementor-widget-wrap elementor-element-populated\">\n\t\t\t\t\t\t<div class=\"elementor-element elementor-element-ec569da elementor-widget elementor-widget-heading\" data-id=\"ec569da\" data-element_type=\"widget\" data-e-type=\"widget\" data-widget_type=\"heading.default\">\n\t\t\t\t<div class=\"elementor-widget-container\">\n\t\t\t\t\t<h2 class=\"elementor-heading-title elementor-size-default\">Zpracov\u00e1n\u00ed d\u00edlensk\u00e9 dokumentace Al konstrukc\u00ed<\/h2>\t\t\t\t<\/div>\n\t\t\t\t<\/div>\n\t\t\t\t\t<\/div>\n\t\t<\/div>\n\t\t\t\t\t<\/div>\n\t\t<\/section>\n\t\t\t\t<section class=\"elementor-section elementor-top-section elementor-element elementor-element-792071c elementor-section-boxed elementor-section-height-default elementor-section-height-default wpr-particle-no wpr-jarallax-no wpr-parallax-no wpr-sticky-section-no\" data-id=\"792071c\" data-element_type=\"section\" data-e-type=\"section\">\n\t\t\t\t\t\t<div class=\"elementor-container elementor-column-gap-extended\">\n\t\t\t\t\t<div class=\"elementor-column elementor-col-50 elementor-top-column elementor-element elementor-element-5c925e2\" data-id=\"5c925e2\" data-element_type=\"column\" data-e-type=\"column\">\n\t\t\t<div class=\"elementor-widget-wrap elementor-element-populated\">\n\t\t\t\t\t\t<div class=\"elementor-element elementor-element-c62608c elementor-widget elementor-widget-text-editor\" data-id=\"c62608c\" data-element_type=\"widget\" data-e-type=\"widget\" data-widget_type=\"text-editor.default\">\n\t\t\t\t<div class=\"elementor-widget-container\">\n\t\t\t\t\t\t\t\t\t<p style=\"text-align: center;\">V prv\u00e9 \u0159ad\u011bnab\u00edz\u00edm slu\u017eby pro doktory a zdravotn\u00ed za\u0159\u00edzen\u00ed, kter\u00e9 pracuj\u00ed s programy <a href=\"http:\/\/pussa.cz\">EcceHomo<\/a> a <a href=\"http:\/\/pcdoktor.cz\">PC Doktor<\/a>.<\/p><p style=\"text-align: center;\">Nab\u00edz\u00edm zpracov\u00e1n\u00ed d\u00e1vek a jejich odesl\u00e1n\u00ed na poji\u0161\u0165ovny, \u00fadr\u017ebu SW a PC, prostor pro z\u00e1lohov\u00e1n\u00ed dat. <\/p><p>Tvorbu webov\u00fdch str\u00e1nek a jejich \u00fadr\u017eba.<\/p>\t\t\t\t\t\t\t\t<\/div>\n\t\t\t\t<\/div>\n\t\t\t\t\t<\/div>\n\t\t<\/div>\n\t\t\t\t<div class=\"elementor-column elementor-col-50 elementor-top-column elementor-element elementor-element-3ba0461\" data-id=\"3ba0461\" data-element_type=\"column\" data-e-type=\"column\">\n\t\t\t<div class=\"elementor-widget-wrap elementor-element-populated\">\n\t\t\t\t\t\t<div class=\"elementor-element elementor-element-8c974ff elementor-widget elementor-widget-text-editor\" data-id=\"8c974ff\" data-element_type=\"widget\" data-e-type=\"widget\" data-widget_type=\"text-editor.default\">\n\t\t\t\t<div class=\"elementor-widget-container\">\n\t\t\t\t\t\t\t\t\t<p style=\"text-align: center;\">Pro firmy, kter\u00e9 zpracov\u00e1vaj\u00ed hlin\u00edkov\u00e9 konstrukce SCH\u00dcCO, HEROAL a dal\u0161\u00ed, nab\u00edz\u00edm zpracov\u00e1n\u00ed d\u00edlensk\u00e9 dokumentace, podklad\u016f pro v\u00fdrobu a dokumentaci skute\u010dn\u00e9ho proveden\u00ed. D\u00e1le jsem p\u0159ipraven zpracovat dokumentaci pro prov\u011btr\u00e1vanou fas\u00e1du.<\/p>\t\t\t\t\t\t\t\t<\/div>\n\t\t\t\t<\/div>\n\t\t\t\t\t<\/div>\n\t\t<\/div>\n\t\t\t\t\t<\/div>\n\t\t<\/section>\n\t\t\t\t<\/div>\n\t\t","protected":false},"excerpt":{"rendered":"<p>V\u00edtejte na osobn\u00edch str\u00e1nk\u00e1ch Ale\u0161e Suchomela. Najdete zde informace o nab\u00edzen\u00fdch slu\u017eb\u00e1ch a eshop pro prodej servisn\u00edho materi\u00e1lu pro opravu okna a<\/p>\n<p class=\"link-more\"><a class=\"myButt \" href=\"https:\/\/www.alsuch.eu\/\">Read More<\/a><\/p>\n","protected":false},"author":1,"featured_media":0,"parent":0,"menu_order":0,"comment_status":"closed","ping_status":"closed","template":"","meta":{"footnotes":""},"class_list":["post-445","page","type-page","status-publish","hentry"],"yoast_head":"<!-- This site is optimized with the Yoast SEO plugin v27.3 - https:\/\/yoast.com\/product\/yoast-seo-wordpress\/ -->\n<title>Domovsk\u00e1 str\u00e1nka - Osobn&iacute; str&aacute;nky Ale&scaron;e Suchomela<\/title>\n<meta name=\"robots\" content=\"noindex, follow, max-snippet:-1, max-image-preview:large, max-video-preview:-1\" \/>\n<meta property=\"og:locale\" content=\"cs_CZ\" \/>\n<meta property=\"og:type\" content=\"article\" \/>\n<meta property=\"og:title\" content=\"Domovsk\u00e1 str\u00e1nka - Osobn&iacute; str&aacute;nky Ale&scaron;e Suchomela\" \/>\n<meta property=\"og:description\" content=\"V\u00edtejte na osobn\u00edch str\u00e1nk\u00e1ch Ale\u0161e Suchomela. Najdete zde informace o nab\u00edzen\u00fdch slu\u017eb\u00e1ch a eshop pro prodej servisn\u00edho materi\u00e1lu pro opravu okna aRead More\" \/>\n<meta property=\"og:url\" content=\"https:\/\/www.alsuch.eu\/\" \/>\n<meta property=\"og:site_name\" content=\"Osobn&iacute; str&aacute;nky Ale&scaron;e Suchomela\" \/>\n<meta property=\"article:publisher\" content=\"https:\/\/www.facebook.com\/FolklornisouborBenesacek\" \/>\n<meta property=\"article:modified_time\" content=\"2021-05-23T12:56:32+00:00\" \/>\n<meta name=\"twitter:label1\" content=\"Odhadovan\u00e1 doba \u010dten\u00ed\" \/>\n\t<meta name=\"twitter:data1\" content=\"1 minuta\" \/>\n<script type=\"application\/ld+json\" class=\"yoast-schema-graph\">{\"@context\":\"https:\\\/\\\/schema.org\",\"@graph\":[{\"@type\":\"WebPage\",\"@id\":\"https:\\\/\\\/www.alsuch.eu\\\/\",\"url\":\"https:\\\/\\\/www.alsuch.eu\\\/\",\"name\":\"Domovsk\u00e1 str\u00e1nka - Osobn&iacute; str&aacute;nky Ale&scaron;e Suchomela\",\"isPartOf\":{\"@id\":\"https:\\\/\\\/www.alsuch.eu\\\/#website\"},\"datePublished\":\"2021-05-23T11:27:26+00:00\",\"dateModified\":\"2021-05-23T12:56:32+00:00\",\"breadcrumb\":{\"@id\":\"https:\\\/\\\/www.alsuch.eu\\\/#breadcrumb\"},\"inLanguage\":\"cs\",\"potentialAction\":[{\"@type\":\"ReadAction\",\"target\":[\"https:\\\/\\\/www.alsuch.eu\\\/\"]}]},{\"@type\":\"BreadcrumbList\",\"@id\":\"https:\\\/\\\/www.alsuch.eu\\\/#breadcrumb\",\"itemListElement\":[{\"@type\":\"ListItem\",\"position\":1,\"name\":\"Dom\u016f\",\"item\":\"https:\\\/\\\/www.alsuch.eu\\\/\"},{\"@type\":\"ListItem\",\"position\":2,\"name\":\"Domovsk\u00e1 str\u00e1nka\"}]},{\"@type\":\"WebSite\",\"@id\":\"https:\\\/\\\/www.alsuch.eu\\\/#website\",\"url\":\"https:\\\/\\\/www.alsuch.eu\\\/\",\"name\":\"Folklorn&iacute; soubor Bene&scaron;&aacute;\u010dek\",\"description\":\"Nab&iacute;dka SW slu\u017eeb a prodej servisn&iacute;ho materi&aacute;lu\",\"publisher\":{\"@id\":\"https:\\\/\\\/www.alsuch.eu\\\/#organization\"},\"potentialAction\":[{\"@type\":\"SearchAction\",\"target\":{\"@type\":\"EntryPoint\",\"urlTemplate\":\"https:\\\/\\\/www.alsuch.eu\\\/?s={search_term_string}\"},\"query-input\":{\"@type\":\"PropertyValueSpecification\",\"valueRequired\":true,\"valueName\":\"search_term_string\"}}],\"inLanguage\":\"cs\"},{\"@type\":\"Organization\",\"@id\":\"https:\\\/\\\/www.alsuch.eu\\\/#organization\",\"name\":\"Folklorn\u00ed soubor Bene\u0161\u00e1\u010dek\",\"url\":\"https:\\\/\\\/www.alsuch.eu\\\/\",\"logo\":{\"@type\":\"ImageObject\",\"inLanguage\":\"cs\",\"@id\":\"https:\\\/\\\/www.alsuch.eu\\\/#\\\/schema\\\/logo\\\/image\\\/\",\"url\":\"https:\\\/\\\/www.alsuch.eu\\\/wp-content\\\/uploads\\\/2020\\\/04\\\/benelogo.jpg\",\"contentUrl\":\"https:\\\/\\\/www.alsuch.eu\\\/wp-content\\\/uploads\\\/2020\\\/04\\\/benelogo.jpg\",\"width\":157,\"height\":225,\"caption\":\"Folklorn\u00ed soubor Bene\u0161\u00e1\u010dek\"},\"image\":{\"@id\":\"https:\\\/\\\/www.alsuch.eu\\\/#\\\/schema\\\/logo\\\/image\\\/\"},\"sameAs\":[\"https:\\\/\\\/www.facebook.com\\\/FolklornisouborBenesacek\"]}]}<\/script>\n<!-- \/ Yoast SEO plugin. -->","yoast_head_json":{"title":"Domovsk\u00e1 str\u00e1nka - Osobn&iacute; str&aacute;nky Ale&scaron;e Suchomela","robots":{"index":"noindex","follow":"follow","max-snippet":"max-snippet:-1","max-image-preview":"max-image-preview:large","max-video-preview":"max-video-preview:-1"},"og_locale":"cs_CZ","og_type":"article","og_title":"Domovsk\u00e1 str\u00e1nka - Osobn&iacute; str&aacute;nky Ale&scaron;e Suchomela","og_description":"V\u00edtejte na osobn\u00edch str\u00e1nk\u00e1ch Ale\u0161e Suchomela. Najdete zde informace o nab\u00edzen\u00fdch slu\u017eb\u00e1ch a eshop pro prodej servisn\u00edho materi\u00e1lu pro opravu okna aRead More","og_url":"https:\/\/www.alsuch.eu\/","og_site_name":"Osobn&iacute; str&aacute;nky Ale&scaron;e Suchomela","article_publisher":"https:\/\/www.facebook.com\/FolklornisouborBenesacek","article_modified_time":"2021-05-23T12:56:32+00:00","twitter_misc":{"Odhadovan\u00e1 doba \u010dten\u00ed":"1 minuta"},"schema":{"@context":"https:\/\/schema.org","@graph":[{"@type":"WebPage","@id":"https:\/\/www.alsuch.eu\/","url":"https:\/\/www.alsuch.eu\/","name":"Domovsk\u00e1 str\u00e1nka - Osobn&iacute; str&aacute;nky Ale&scaron;e Suchomela","isPartOf":{"@id":"https:\/\/www.alsuch.eu\/#website"},"datePublished":"2021-05-23T11:27:26+00:00","dateModified":"2021-05-23T12:56:32+00:00","breadcrumb":{"@id":"https:\/\/www.alsuch.eu\/#breadcrumb"},"inLanguage":"cs","potentialAction":[{"@type":"ReadAction","target":["https:\/\/www.alsuch.eu\/"]}]},{"@type":"BreadcrumbList","@id":"https:\/\/www.alsuch.eu\/#breadcrumb","itemListElement":[{"@type":"ListItem","position":1,"name":"Dom\u016f","item":"https:\/\/www.alsuch.eu\/"},{"@type":"ListItem","position":2,"name":"Domovsk\u00e1 str\u00e1nka"}]},{"@type":"WebSite","@id":"https:\/\/www.alsuch.eu\/#website","url":"https:\/\/www.alsuch.eu\/","name":"Folklorn&iacute; soubor Bene&scaron;&aacute;\u010dek","description":"Nab&iacute;dka SW slu\u017eeb a prodej servisn&iacute;ho materi&aacute;lu","publisher":{"@id":"https:\/\/www.alsuch.eu\/#organization"},"potentialAction":[{"@type":"SearchAction","target":{"@type":"EntryPoint","urlTemplate":"https:\/\/www.alsuch.eu\/?s={search_term_string}"},"query-input":{"@type":"PropertyValueSpecification","valueRequired":true,"valueName":"search_term_string"}}],"inLanguage":"cs"},{"@type":"Organization","@id":"https:\/\/www.alsuch.eu\/#organization","name":"Folklorn\u00ed soubor Bene\u0161\u00e1\u010dek","url":"https:\/\/www.alsuch.eu\/","logo":{"@type":"ImageObject","inLanguage":"cs","@id":"https:\/\/www.alsuch.eu\/#\/schema\/logo\/image\/","url":"https:\/\/www.alsuch.eu\/wp-content\/uploads\/2020\/04\/benelogo.jpg","contentUrl":"https:\/\/www.alsuch.eu\/wp-content\/uploads\/2020\/04\/benelogo.jpg","width":157,"height":225,"caption":"Folklorn\u00ed soubor Bene\u0161\u00e1\u010dek"},"image":{"@id":"https:\/\/www.alsuch.eu\/#\/schema\/logo\/image\/"},"sameAs":["https:\/\/www.facebook.com\/FolklornisouborBenesacek"]}]}},"_links":{"self":[{"href":"https:\/\/www.alsuch.eu\/index.php?rest_route=\/wp\/v2\/pages\/445","targetHints":{"allow":["GET"]}}],"collection":[{"href":"https:\/\/www.alsuch.eu\/index.php?rest_route=\/wp\/v2\/pages"}],"about":[{"href":"https:\/\/www.alsuch.eu\/index.php?rest_route=\/wp\/v2\/types\/page"}],"author":[{"embeddable":true,"href":"https:\/\/www.alsuch.eu\/index.php?rest_route=\/wp\/v2\/users\/1"}],"replies":[{"embeddable":true,"href":"https:\/\/www.alsuch.eu\/index.php?rest_route=%2Fwp%2Fv2%2Fcomments&post=445"}],"version-history":[{"count":22,"href":"https:\/\/www.alsuch.eu\/index.php?rest_route=\/wp\/v2\/pages\/445\/revisions"}],"predecessor-version":[{"id":481,"href":"https:\/\/www.alsuch.eu\/index.php?rest_route=\/wp\/v2\/pages\/445\/revisions\/481"}],"wp:attachment":[{"href":"https:\/\/www.alsuch.eu\/index.php?rest_route=%2Fwp%2Fv2%2Fmedia&parent=445"}],"curies":[{"name":"wp","href":"https:\/\/api.w.org\/{rel}","templated":true}]}}